{"id":493,"date":"2025-10-06T13:20:21","date_gmt":"2025-10-06T13:20:21","guid":{"rendered":"https:\/\/holtseafood.com\/?page_id=493"},"modified":"2026-03-29T18:47:47","modified_gmt":"2026-03-29T18:47:47","slug":"about","status":"publish","type":"page","link":"https:\/\/holtseafood.com\/es\/about\/","title":{"rendered":"Acerca de"},"content":{"rendered":"<section class=\"bde-section-493-100 bde-section\">\n  \n  \n\t\n\n\n\n<div class=\"section-container\"><div class=\"bde-columns-493-139 bde-columns glass\"><div class=\"bde-column-493-140 bde-column\">\n  \n  \n\t\n\n\n\n<h1 class=\"bde-heading-493-137 bde-heading\">\nAcerca de Holt Seafood\n<\/h1><div class=\"bde-text-493-138 bde-text\">\nFundada originalmente en 1989 por el equipo de esposos Beverley y Neil Holt, Holt Seafood Company ha permanecido como un negocio familiar. Desde su formaci\u00f3n en 1989, la empresa ha crecido hasta contar con 5 empleados en nuestra oficina central en S\u00eddney, Australia.<br>\n<\/div>\n<\/div><div class=\"bde-column-493-141 bde-column\">\n  \n  \n\t\n\n\n\n<div class=\"bde-text-493-143 bde-text\">\nAntes de formar Holt Seafood Company, Neil ocup\u00f3 numerosos puestos de nivel gerencial con algunos de los mayores actores del sector pesquero en S\u00eddney, mientras que Beverley administr\u00f3 y gestion\u00f3 varios negocios. Juntos, poseen los ingredientes clave para un negocio exitoso: conocimiento de la industria, contactos y perspicacia empresarial.\n<\/div><div class=\"bde-text-493-144 bde-text\">\nEn los \u00faltimos a\u00f1os, su hijo Alex tambi\u00e9n se ha incorporado al negocio. Como codirector con amplia experiencia en transformaci\u00f3n digital, marketing y ventas, Alex aporta un enfoque moderno que est\u00e1 ayudando a llevar el negocio a la era digital.\n<\/div>\n<\/div><div class=\"bde-column-493-142 bde-column\">\n  \n  \n\t\n\n\n\n\n<\/div><\/div><\/div>\n<\/section><section class=\"bde-section-493-110 bde-section\">\n  \n  \n\t\n\n\n\n<div class=\"section-container\"><div class=\"bde-columns-493-111 bde-columns\"><div class=\"bde-column-493-112 bde-column\">\n              \n  \n  \n\t\n\n\n\n<h2 class=\"bde-heading-493-121 bde-heading\">\nNuestro enfoque\n<\/h2><div class=\"bde-rich-text-493-128 bde-rich-text breakdance-rich-text-styles\">\n<p><strong>Holt Seafood Company comenz\u00f3 como un negocio de importaci\u00f3n-exportaci\u00f3n de pescado en Australia y ha evolucionado hasta convertirse en un proveedor integral de mariscos.<\/strong><\/p>\n<p>Hoy en d\u00eda, manejamos una amplia gama de mariscos frescos y procesados, incluidos calamares, gambas, vieiras y mejillones.<\/p>\n<p>Nuestra experiencia se expandi\u00f3 para especializarnos en productos a base de surimi, desde la obtenci\u00f3n y producci\u00f3n hasta el suministro, y desde entonces hemos aprovechado este conocimiento para ingresar al mercado de alimentos para picar.<\/p>\n<\/div>\n<\/div><div class=\"bde-column-493-125 bde-column\">\n  \n  \n\t\n\n\n\n<div class=\"bde-text-493-116 bde-text\">\nEstamos comprometidos a proporcionar a nuestros clientes cadenas de suministro transparentes y confiables para que puedan concentrarse en lo que mejor saben hacer: vender grandes productos. <br><br>A trav\u00e9s de asociaciones estrat\u00e9gicas con f\u00e1bricas en China, Tailandia, Vietnam, Indonesia y Am\u00e9rica del Sur, ofrecemos desarrollo de productos y servicios de valor a\u00f1adido adaptados a las necesidades de nuestros clientes. <br><br>Nuestra base de clientes abarca los principales distribuidores de servicios de alimentos de Australia y Nueva Zelanda, procesadores locales de mariscos y mercados internacionales, incluidos Sud\u00e1frica, Asia y Europa.\n<\/div>\n<\/div><div class=\"bde-column-493-122 bde-column\">\n  \n  \n\t\n\n\n\n<h2 class=\"bde-heading-493-117 bde-heading\">\nCertificaci\u00f3n y seguridad alimentaria\n<\/h2><div class=\"bde-text-493-118 bde-text\">\nLa seguridad alimentaria es primordial para nuestras operaciones. Holt Seafood Company y todas las f\u00e1bricas asociadas mantienen <b>HACCP<\/b> certificaci\u00f3n (FSAU13\/8317). Tambi\u00e9n poseemos <b>MSC<\/b> certificaci\u00f3n de cadena de custodia, asegurando trazabilidad y calidad a lo largo de nuestra cadena de suministro.\n<\/div><h2 class=\"bde-heading-493-119 bde-heading\">\nSostenibilidad\n<\/h2><div class=\"bde-text-493-120 bde-text\">\nLa sostenibilidad gu\u00eda nuestras decisiones de abastecimiento. Priorizamos los mariscos sostenibles siempre que sea posible, incluidos los productos de pesquer\u00edas reguladas por MSC.\n<\/div>\n<\/div><\/div><\/div>\n<\/section>","protected":false},"excerpt":{"rendered":"<p>About Holt Seafood Originally founded in 1989 by husband and wife team Beverley and Neil Holt, Holt Seafood Company has remained a family owned and operated business. Since forming in 1989 the company has grown to 5 staff members in our head office in Sydney, Australia. Prior to forming Holt Seafood Company, Neil held numerous [&hellip;]<\/p>\n","protected":false},"author":1,"featured_media":0,"parent":0,"menu_order":0,"comment_status":"closed","ping_status":"closed","template":"","meta":{"_acf_changed":false,"_breakdance_hide_in_design_set":false,"_breakdance_tags":"","footnotes":""},"class_list":["post-493","page","type-page","status-publish","hentry"],"acf":[],"_links":{"self":[{"href":"https:\/\/holtseafood.com\/es\/wp-json\/wp\/v2\/pages\/493","targetHints":{"allow":["GET"]}}],"collection":[{"href":"https:\/\/holtseafood.com\/es\/wp-json\/wp\/v2\/pages"}],"about":[{"href":"https:\/\/holtseafood.com\/es\/wp-json\/wp\/v2\/types\/page"}],"author":[{"embeddable":true,"href":"https:\/\/holtseafood.com\/es\/wp-json\/wp\/v2\/users\/1"}],"replies":[{"embeddable":true,"href":"https:\/\/holtseafood.com\/es\/wp-json\/wp\/v2\/comments?post=493"}],"version-history":[{"count":35,"href":"https:\/\/holtseafood.com\/es\/wp-json\/wp\/v2\/pages\/493\/revisions"}],"predecessor-version":[{"id":1028,"href":"https:\/\/holtseafood.com\/es\/wp-json\/wp\/v2\/pages\/493\/revisions\/1028"}],"wp:attachment":[{"href":"https:\/\/holtseafood.com\/es\/wp-json\/wp\/v2\/media?parent=493"}],"curies":[{"name":"wp","href":"https:\/\/api.w.org\/{rel}","templated":true}]}}